{"id":617,"date":"2023-09-08T15:41:36","date_gmt":"2023-09-08T13:41:36","guid":{"rendered":"https:\/\/dev.altmuehlnet.de\/?page_id=617"},"modified":"2023-09-08T16:09:44","modified_gmt":"2023-09-08T14:09:44","slug":"55-stammtisch","status":"publish","type":"page","link":"https:\/\/dev.altmuehlnet.de\/index.php\/angebote\/55-stammtisch\/","title":{"rendered":"55+-Stammtisch"},"content":{"rendered":"\t\t<div data-elementor-type=\"wp-page\" data-elementor-id=\"617\" class=\"elementor elementor-617\" data-elementor-post-type=\"page\">\n\t\t\t\t\t\t\t\t\t<section class=\"elementor-section elementor-top-section elementor-element elementor-element-1c333463 elementor-section-content-middle elementor-reverse-mobile elementor-section-boxed elementor-section-height-default elementor-section-height-default\" data-id=\"1c333463\" data-element_type=\"section\">\n\t\t\t\t\t\t<div class=\"elementor-container elementor-column-gap-no\">\n\t\t\t\t\t<div class=\"elementor-column elementor-col-50 elementor-top-column elementor-element elementor-element-6dfd8d63\" data-id=\"6dfd8d63\" data-element_type=\"column\">\n\t\t\t<div class=\"elementor-widget-wrap elementor-element-populated\">\n\t\t\t\t\t\t\t\t<div class=\"elementor-element elementor-element-204c2983 elementor-widget elementor-widget-image\" data-id=\"204c2983\" data-element_type=\"widget\" data-widget_type=\"image.default\">\n\t\t\t\t<div class=\"elementor-widget-container\">\n\t\t\t<style>\/*! elementor - v3.16.0 - 14-09-2023 *\/\n.elementor-widget-image{text-align:center}.elementor-widget-image a{display:inline-block}.elementor-widget-image a img[src$=\".svg\"]{width:48px}.elementor-widget-image img{vertical-align:middle;display:inline-block}<\/style>\t\t\t\t\t\t\t\t\t<figure class=\"wp-caption\">\n\t\t\t\t\t\t\t\t\t\t<img loading=\"lazy\" decoding=\"async\" width=\"1707\" height=\"1708\" src=\"https:\/\/dev.altmuehlnet.de\/wp-content\/uploads\/2022\/10\/IMG_3326-scaled-e1665745594721.jpg\" class=\"attachment-full size-full wp-image-482\" alt=\"\" srcset=\"https:\/\/dev.altmuehlnet.de\/wp-content\/uploads\/2022\/10\/IMG_3326-scaled-e1665745594721.jpg 1707w, https:\/\/dev.altmuehlnet.de\/wp-content\/uploads\/2022\/10\/IMG_3326-scaled-e1665745594721-300x300.jpg 300w, https:\/\/dev.altmuehlnet.de\/wp-content\/uploads\/2022\/10\/IMG_3326-scaled-e1665745594721-1024x1024.jpg 1024w, https:\/\/dev.altmuehlnet.de\/wp-content\/uploads\/2022\/10\/IMG_3326-scaled-e1665745594721-150x150.jpg 150w, https:\/\/dev.altmuehlnet.de\/wp-content\/uploads\/2022\/10\/IMG_3326-scaled-e1665745594721-768x768.jpg 768w, https:\/\/dev.altmuehlnet.de\/wp-content\/uploads\/2022\/10\/IMG_3326-scaled-e1665745594721-1536x1536.jpg 1536w\" sizes=\"auto, (max-width: 1707px) 100vw, 1707px\" \/>\t\t\t\t\t\t\t\t\t\t\t<figcaption class=\"widget-image-caption wp-caption-text\">Hans Tiefel leitet den Stammtisch<\/figcaption>\n\t\t\t\t\t\t\t\t\t\t<\/figure>\n\t\t\t\t\t\t\t\t\t<\/div>\n\t\t\t\t<\/div>\n\t\t\t\t\t<\/div>\n\t\t<\/div>\n\t\t\t\t<div class=\"elementor-column elementor-col-50 elementor-top-column elementor-element elementor-element-59ac7daf\" data-id=\"59ac7daf\" data-element_type=\"column\">\n\t\t\t<div class=\"elementor-widget-wrap elementor-element-populated\">\n\t\t\t\t\t\t\t\t<div class=\"elementor-element elementor-element-98ed3ba elementor-widget elementor-widget-heading\" data-id=\"98ed3ba\" data-element_type=\"widget\" data-widget_type=\"heading.default\">\n\t\t\t\t<div class=\"elementor-widget-container\">\n\t\t\t<style>\/*! elementor - v3.16.0 - 14-09-2023 *\/\n.elementor-heading-title{padding:0;margin:0;line-height:1}.elementor-widget-heading .elementor-heading-title[class*=elementor-size-]>a{color:inherit;font-size:inherit;line-height:inherit}.elementor-widget-heading .elementor-heading-title.elementor-size-small{font-size:15px}.elementor-widget-heading .elementor-heading-title.elementor-size-medium{font-size:19px}.elementor-widget-heading .elementor-heading-title.elementor-size-large{font-size:29px}.elementor-widget-heading .elementor-heading-title.elementor-size-xl{font-size:39px}.elementor-widget-heading .elementor-heading-title.elementor-size-xxl{font-size:59px}<\/style><h2 class=\"elementor-heading-title elementor-size-default\">\u00dcber den Stammtisch <\/h2>\t\t<\/div>\n\t\t\t\t<\/div>\n\t\t\t\t<div class=\"elementor-element elementor-element-fef15b2 elementor-widget__width-initial elementor-widget elementor-widget-text-editor\" data-id=\"fef15b2\" data-element_type=\"widget\" data-widget_type=\"text-editor.default\">\n\t\t\t\t<div class=\"elementor-widget-container\">\n\t\t\t<style>\/*! elementor - v3.16.0 - 14-09-2023 *\/\n.elementor-widget-text-editor.elementor-drop-cap-view-stacked .elementor-drop-cap{background-color:#69727d;color:#fff}.elementor-widget-text-editor.elementor-drop-cap-view-framed .elementor-drop-cap{color:#69727d;border:3px solid;background-color:transparent}.elementor-widget-text-editor:not(.elementor-drop-cap-view-default) .elementor-drop-cap{margin-top:8px}.elementor-widget-text-editor:not(.elementor-drop-cap-view-default) .elementor-drop-cap-letter{width:1em;height:1em}.elementor-widget-text-editor .elementor-drop-cap{float:left;text-align:center;line-height:1;font-size:50px}.elementor-widget-text-editor .elementor-drop-cap-letter{display:inline-block}<\/style>\t\t\t\t<p><!-- wp:paragraph --><\/p>\n<p>Der 55+-Stammtisch im Verein ist eine Gruppe, die sich speziell an \u00e4ltere Mitglieder richtet und sich mit PC-Themen besch\u00e4ftigt. Diese Gruppe trifft sich regelm\u00e4\u00dfig, um ihr Wissen und ihre Erfahrungen auszutauschen und sich gegenseitig bei der L\u00f6sung von Problemen und der Entwicklung neuer Ideen zu unterst\u00fctzen.<\/p>\n<p><!-- \/wp:paragraph --><\/p>\n<p><!-- wp:paragraph --><\/p>\n<p>Die Mitglieder dieser Gruppe sind sowohl Anf\u00e4nger als auch erfahrene PC-Benutzer, die alle das gemeinsame Interesse an Computer- und Technologiethemen teilen. Obwohl die meisten Mitglieder bereits Erfahrungen in diesem Bereich haben, sind Neulinge immer willkommen und werden von erfahrenen Mitgliedern unterst\u00fctzt und angeleitet.<\/p>\n<figure><\/figure>\n<p><style>\/*! elementor - v3.10.1 - 17-01-2023 *\/<br \/>.elementor-widget-image{text-align:center}.elementor-widget-image a{display:inline-block}.elementor-widget-image a img[src$=\".svg\"]{width:48px}.elementor-widget-image img{vertical-align:middle;display:inline-block}<\/style><\/p>\t\t\t\t\t\t<\/div>\n\t\t\t\t<\/div>\n\t\t\t\t<div class=\"elementor-element elementor-element-2e86d84 elementor-widget elementor-widget-heading\" data-id=\"2e86d84\" data-element_type=\"widget\" data-widget_type=\"heading.default\">\n\t\t\t\t<div class=\"elementor-widget-container\">\n\t\t\t<h2 class=\"elementor-heading-title elementor-size-default\">Schwerpunkte &amp; Themen<\/h2>\t\t<\/div>\n\t\t\t\t<\/div>\n\t\t\t\t<div class=\"elementor-element elementor-element-71f5352 elementor-widget elementor-widget-text-editor\" data-id=\"71f5352\" data-element_type=\"widget\" data-widget_type=\"text-editor.default\">\n\t\t\t\t<div class=\"elementor-widget-container\">\n\t\t\t\t\t\t\t<p>Ein Schwerpunkt des 55+-Stammtischs liegt darauf, Themen wie sicheres Einkaufen im Internet, Arbeiten mit Word oder E-Mail und allgemeine PC-Sicherheit zu besprechen und zu erl\u00e4utern. Die Gruppe hilft \u00e4lteren Mitgliedern dabei, sich sicherer und selbstbewusster im Umgang mit dem Computer und dem Internet zu f\u00fchlen.<\/p>\n<p><span style=\"color: var( --e-global-color-text ); font-family: var( --e-global-typography-text-font-family ), Sans-serif; font-size: 1rem;\">Die Gruppe befasst sich auch mit anderen Themen, die f\u00fcr \u00e4ltere Mitglieder von Interesse sein k\u00f6nnen, wie z.B. die Verwendung von Smartphones und Tablets, die Nutzung von sozialen Medien und die M\u00f6glichkeiten der digitalen Unterhaltung.<\/span><\/p>\n<p><span style=\"color: var( --e-global-color-text ); font-family: var( --e-global-typography-text-font-family ), Sans-serif; font-size: 1rem;\">Insgesamt ist der 55+-Stammtisch eine lebendige und aktive Gruppe von Menschen, die durch ihre gemeinsame Leidenschaft f\u00fcr Computer- und Technologiethemen zusammengebracht werden und die sich gegenseitig unterst\u00fctzen und inspirieren, um ihre F\u00e4higkeiten und Kenntnisse zu verbessern und innovative Projekte zu entwickeln.<\/span><\/p>\t\t\t\t\t\t<\/div>\n\t\t\t\t<\/div>\n\t\t\t\t\t<\/div>\n\t\t<\/div>\n\t\t\t\t\t\t\t<\/div>\n\t\t<\/section>\n\t\t\t\t\t\t\t<\/div>\n\t\t","protected":false},"excerpt":{"rendered":"<p>Hans Tiefel leitet den Stammtisch \u00dcber den Stammtisch Der 55+-Stammtisch im Verein ist eine Gruppe, die sich speziell an \u00e4ltere Mitglieder richtet und sich mit PC-Themen besch\u00e4ftigt. Diese Gruppe trifft sich regelm\u00e4\u00dfig, um ihr Wissen und ihre Erfahrungen auszutauschen und sich gegenseitig bei der L\u00f6sung von Problemen und der Entwicklung neuer Ideen zu unterst\u00fctzen. Die [&hellip;]<\/p>\n","protected":false},"author":1,"featured_media":0,"parent":248,"menu_order":0,"comment_status":"closed","ping_status":"closed","template":"","meta":{"footnotes":""},"class_list":["post-617","page","type-page","status-publish","hentry"],"_links":{"self":[{"href":"https:\/\/dev.altmuehlnet.de\/index.php\/wp-json\/wp\/v2\/pages\/617","targetHints":{"allow":["GET"]}}],"collection":[{"href":"https:\/\/dev.altmuehlnet.de\/index.php\/wp-json\/wp\/v2\/pages"}],"about":[{"href":"https:\/\/dev.altmuehlnet.de\/index.php\/wp-json\/wp\/v2\/types\/page"}],"author":[{"embeddable":true,"href":"https:\/\/dev.altmuehlnet.de\/index.php\/wp-json\/wp\/v2\/users\/1"}],"replies":[{"embeddable":true,"href":"https:\/\/dev.altmuehlnet.de\/index.php\/wp-json\/wp\/v2\/comments?post=617"}],"version-history":[{"count":16,"href":"https:\/\/dev.altmuehlnet.de\/index.php\/wp-json\/wp\/v2\/pages\/617\/revisions"}],"predecessor-version":[{"id":638,"href":"https:\/\/dev.altmuehlnet.de\/index.php\/wp-json\/wp\/v2\/pages\/617\/revisions\/638"}],"up":[{"embeddable":true,"href":"https:\/\/dev.altmuehlnet.de\/index.php\/wp-json\/wp\/v2\/pages\/248"}],"wp:attachment":[{"href":"https:\/\/dev.altmuehlnet.de\/index.php\/wp-json\/wp\/v2\/media?parent=617"}],"curies":[{"name":"wp","href":"https:\/\/api.w.org\/{rel}","templated":true}]}}